{"id":2164,"date":"2020-07-20T03:30:40","date_gmt":"2020-07-20T03:30:40","guid":{"rendered":"https:\/\/smartdata.tonytemplates.com\/electrician-v2\/demo3\/?page_id=2164"},"modified":"2023-08-08T18:52:25","modified_gmt":"2023-08-08T16:52:25","slug":"about-us","status":"publish","type":"page","link":"https:\/\/www.mhb.net\/?page_id=2164","title":{"rendered":"\u00dcber Uns"},"content":{"rendered":"\t\t<div data-elementor-type=\"wp-page\" data-elementor-id=\"2164\" class=\"elementor elementor-2164\" data-elementor-settings=\"[]\">\n\t\t\t\t\t\t\t<div class=\"elementor-section-wrap\">\n\t\t\t\t\t\t\t<section class=\"elementor-section elementor-top-section elementor-element elementor-element-fc00e82 elementor-section-stretched elementor-section-full_width elementor-section-height-default elementor-section-height-default\" data-id=\"fc00e82\" data-element_type=\"section\" data-settings=\"{&quot;stretch_section&quot;:&quot;section-stretched&quot;}\">\n\t\t\t\t\t\t<div class=\"elementor-container elementor-column-gap-no\">\n\t\t\t\t\t<div class=\"elementor-column elementor-col-100 elementor-top-column elementor-element elementor-element-8371e37\" data-id=\"8371e37\" data-element_type=\"column\">\n\t\t\t<div class=\"elementor-widget-wrap elementor-element-populated\">\n\t\t\t\t\t\t\t\t<div class=\"elementor-element elementor-element-9c21e86 elementor-widget elementor-widget-electrician_about_two\" data-id=\"9c21e86\" data-element_type=\"widget\" data-settings=\"{&quot;_animation&quot;:&quot;none&quot;}\" data-widget_type=\"electrician_about_two.default\">\n\t\t\t\t<div class=\"elementor-widget-container\">\n\t\t\t \n\t\t\t\t<div class=\"section-indent\">\n\t\t<div class=\"container container-lg-fluid\">\n\t\t\t<div class=\"layout01 layout01__revers layout01__small-layout layout01__img-more\">\n\t\t\t\t<div class=\"layout01__bg-marker\"><img loading=\"lazy\" decoding=\"async\" width=\"125\" height=\"125\" src=\"https:\/\/www.mhb.net\/wp-content\/uploads\/2020\/07\/bg_marker02.png\" class=\"attachment-full size-full\" alt=\"\" srcset=\"https:\/\/www.mhb.net\/wp-content\/uploads\/2020\/07\/bg_marker02.png 125w, https:\/\/www.mhb.net\/wp-content\/uploads\/2020\/07\/bg_marker02-100x100.png 100w\" sizes=\"auto, (max-width: 125px) 100vw, 125px\" \/><\/div>\n\t\t\t\t<div class=\"layout01__img\">\n\t\t\t\t\t<div class=\"tt-img-main\">\n\t\t\t<img loading=\"lazy\" decoding=\"async\" width=\"720\" height=\"552\" src=\"https:\/\/www.mhb.net\/wp-content\/uploads\/2020\/08\/layout01-img03.jpg\" class=\"attachment-full size-full\" alt=\"Elektrikerin bei der Arbeit\" srcset=\"https:\/\/www.mhb.net\/wp-content\/uploads\/2020\/08\/layout01-img03.jpg 720w, https:\/\/www.mhb.net\/wp-content\/uploads\/2020\/08\/layout01-img03-600x460.jpg 600w, https:\/\/www.mhb.net\/wp-content\/uploads\/2020\/08\/layout01-img03-300x230.jpg 300w, https:\/\/www.mhb.net\/wp-content\/uploads\/2020\/08\/layout01-img03-640x491.jpg 640w\" sizes=\"auto, (max-width: 720px) 100vw, 720px\" \/>\t\t\t\t\t<\/div>\n\t\t\t\t\t<div class=\"tt-img-more left-bottom\">\n\t\t\t<img loading=\"lazy\" decoding=\"async\" width=\"436\" height=\"290\" src=\"https:\/\/www.mhb.net\/wp-content\/uploads\/2020\/08\/layout01-img03-02.jpg\" class=\"attachment-full size-full\" alt=\"Sicherungskasten\" srcset=\"https:\/\/www.mhb.net\/wp-content\/uploads\/2020\/08\/layout01-img03-02.jpg 436w, https:\/\/www.mhb.net\/wp-content\/uploads\/2020\/08\/layout01-img03-02-300x200.jpg 300w\" sizes=\"auto, (max-width: 436px) 100vw, 436px\" \/>\t\t\t\t\t<\/div>\n\t\t\t\t<\/div>\n\t\t\t\t<div class=\"layout01__content\">\n\t\t\t\t\t<div class=\"layout01__content-wrapper\">\n\t\t\t\t\t\t<div class=\"section-title text-left\">\n\t\t\t\t\t\t\t<div class=\"section-title__01\">\u00dcber 30 Jahre Erfahrung<\/div>\n\t\t\t\t\t\t\t<div class=\"section-title__02\">Wir sind erfahrene und zuverl\u00e4ssige Elektroinstallateure<\/div>\n\t\t\t\t\t\t<\/div>\n\t\t\t\t\t\t<p>\n\t\t\tSeit 1992\n arbeiten wir im Team,  als Familienunternehmen legen wir sehr viel Wert auf ein Umfeld in dem man sich wohlf\u00fchlen kann und gerne arbeitet.\t\t\t\t\t\t<\/p>\n\t\t\t\t\t\t<p>\n\t\t\tNeben Mitarbeitenden die bereits seit mehr als 20 Jahren bei uns sind und die Know-how sowie Ausgeglichenheit in das Unternehmen bringen wird unser Team abgerundet \u2028durch zahlreiche junge Teammitglieder die neue Aspekte mit einbringen.\u2028 Um auch weiterhin \u00fcber ausreichend Fachkr\u00e4fte zu verf\u00fcgen bilden wir unseren Nachwuchs selbst aus insbesondere im elektrischen Bereich, aber auch auf der Kaufm\u00e4nnischen Seite. \nUm bei dem aktuell schnellen technischen Wandel immer auf dem neuesten Stand  zu sein unterst\u00fctzen und f\u00f6rdern wir die Weiterbildung unserer Mitarbeitenden. Wir agieren auf neuen M\u00e4rkten wie der eMobility, auf Sicherheitsrelevanten wie der Brandmeldetechnik, auf Modernen wie dem Smart-Home, den Energiesparenden mit LED-Beleuchtung als auch auf den Klassischen Elektroinstallationen.\nUm unserer Kundschaft ein H\u00f6chstma\u00df an Qualit\u00e4t zu bieten haben wir uns in verschiedenen Bereichen zertifizieren lassen, hier ein kleiner Auszug:<br>\n<br>\n\u2022 DIN ISO 9001-2015\n<br>\u2028\u2022 DIN 14 675\u2028 f\u00fcr Brandmeldeanlagen und Sprachalarmanlagen\n<br>\u2022 DIN 14 676\u2028\n<br>\u2022 Mennekes Qualit\u00e4tspartner f\u00fcr eMobility\n<br>\u2022 LCN GVS-Zertifikat\u2028-\n<br> \u2022 Auerswald Q3 Qualifizierung\n<br>\u2028\u2022 GEZE Brandschutzt\u00fcren\u2028\n<br>\u2022 Siemens SPC\u2028- Brandschutz Zertifikate beim DiBT f\u00fcr<br>Hilti, Promat, BTI, W\u00fcrth, Zapp\u2028- Facherrichter f\u00fcr Esser, Notifer, Honeywell, Variodyn, Gr\u00e4f & Meyer\n\t\t\t\t\t\t<\/p>\n\t\t\t\t\t\t<div class=\"tt-box04-wrapper row\">\n\t\t\t\t\t\t\t\t\t\t<div class=\"col-6\">\n\t\t\t\t\t\t\t\t<div class=\"tt-box04\">\n\t\t\t\t\t\t\t\t\t<div class=\"tt-box04__figure\"><i class=\" icon-1716894\"><\/i><\/div>\n\t\t\t\t\t\t\t\t\t<div class=\"tt-box04__content\">\n\t\t\t\t\t\t\t\t\t\t<div class=\"tt-title\">31<\/div>\n\t\t\t\t\t\t\t\t\t\t<p>\n\t\t\t\tErfahrene und <br>zertifizierte Elektriker\/Elektriker*innen\t\t\t\t\t\t\t\t\t\t<\/p>\n\t\t\t\t\t\t\t\t\t<\/div>\n\t\t\t\t\t\t\t\t<\/div>\n\t\t\t\t\t\t\t<\/div>\n\t\t\t\t\t\t\t\t\t\t<div class=\"col-6\">\n\t\t\t\t\t\t\t\t<div class=\"tt-box04\">\n\t\t\t\t\t\t\t\t\t<div class=\"tt-box04__figure\"><i class=\" icon-1895474\"><\/i><\/div>\n\t\t\t\t\t\t\t\t\t<div class=\"tt-box04__content\">\n\t\t\t\t\t\t\t\t\t\t<div class=\"tt-title\">1500<\/div>\n\t\t\t\t\t\t\t\t\t\t<p>\n\t\t\t\tzufriedene Auftraggebende\t\t\t\t\t\t\t\t\t\t<\/p>\n\t\t\t\t\t\t\t\t\t<\/div>\n\t\t\t\t\t\t\t\t<\/div>\n\t\t\t\t\t\t\t<\/div>\n\t\t\t\t\t\t\t\t\t<\/div>\n\t\t\t\t\t<\/div>\n\t\t\t\t<\/div>\n\t\t\t<\/div>\n\t\t<\/div>\n\t<\/div>\n\t\t\t\t\t\t<\/div>\n\t\t\t\t<\/div>\n\t\t\t\t<div class=\"elementor-element elementor-element-54a2aa2 elementor-widget elementor-widget-ele_banner_1\" data-id=\"54a2aa2\" data-element_type=\"widget\" data-widget_type=\"ele_banner_1.default\">\n\t\t\t\t<div class=\"elementor-widget-container\">\n\t\t\t\t\t\t\t<div class=\"section-indent\">\n\t\t\t<div class=\"tt-box01 js-init-bg lazyload\" data-bg=\"https:\/\/www.mhb.net\/wp-content\/uploads\/2020\/07\/box01-bg-desktop.jpg\">\n\t\t\t\t<div class=\"container\">\n\t\t\t\t\t<div class=\"tt-box01__holder\">\n\t\t\t\t\t\t<div class=\"tt-box01__description\">\n\t\t\t\t\t\t\t<h4 class=\"tt-box01__title\">\n\t\t\t\t\t\t\tBrauchen Sie <span class=\"tt-base-color\">unsere Hilfe<\/span><br> bei Ihrer Elektro-<br> Installation? \n\t\t\t\t\t\t\t<\/h4>\n\t\t\t\t\t\t\t<p>\n\t\t\t\t\t\t\tRufen Sie uns noch heute an oder schreiben Sie uns per E-mail, um einen kostenlosen Servicevoranschlag zu vereinbaren!\n\t\t\t\t\t\t<\/p>\t\t\t\t\t\t\t<\/p>\n\t\t\t\t\t\t\t<div class=\"tt-row-btn\">\n\t\t\t\t\t\t\t\t\t\t\t\t\t\t\t<a class=\"tt-btn btn__color01\" href=\"#\"><span class=\"icon-telephone\"><\/span> (+49) 06826 -91 220<\/a>\n\t\t\t\t\t\t\t\t\t\t\t\t\t\t\t<a class=\"tt-btn btn__color02\" data-toggle=\"modal\" data-target=\"#modalMakeAppointment\" href=\"#\">\n\t\t\t\t\t\t\t\t\t\t\t\t\t\t\t\t<span class=\"icon-lightning\"><\/span>\n\t\t\t\t\t\t\t\t \t\t\t\t\t\t\t\tE-mail<\/a>\n\n\n\t\t\t\t\t\t\t<\/div>\n\t\t\t\t\t\t<\/div>\n\t\t\t\t\t<\/div>\n\t\t\t\t<\/div>\n\t\t\t<\/div>\n\t\t<\/div>\n\t\t\t\t\t\t<\/div>\n\t\t\t\t<\/div>\n\t\t\t\t\t<\/div>\n\t\t<\/div>\n\t\t\t\t\t\t\t<\/div>\n\t\t<\/section>\n\t\t\t\t\t\t<\/div>\n\t\t\t\t\t<\/div>\n\t\t","protected":false},"excerpt":{"rendered":"<p>\u00dcber 30 Jahre Erfahrung Wir sind erfahrene und zuverl\u00e4ssige Elektroinstallateure Seit 1992 arbeiten wir im Team, als Familienunternehmen legen wir sehr viel Wert auf ein Umfeld in dem man sich wohlf\u00fchlen kann und gerne arbeitet. Neben Mitarbeitenden die bereits seit mehr als 20 Jahren bei uns sind und die Know-how sowie Ausgeglichenheit in das Unternehmen [&hellip;]<\/p>\n","protected":false},"author":1,"featured_media":0,"parent":0,"menu_order":0,"comment_status":"closed","ping_status":"closed","template":"","meta":{"footnotes":""},"class_list":["post-2164","page","type-page","status-publish","hentry"],"yoast_head":"<!-- This site is optimized with the Yoast SEO Premium plugin v17.9 (Yoast SEO v17.9) - https:\/\/yoast.com\/wordpress\/plugins\/seo\/ -->\n<title>\u00dcber Uns - MHB<\/title>\n<meta name=\"description\" content=\"Wir sind erfahrene und zuverl\u00e4ssige Elektroinstallateure. Seit 1992 arbeiten wir im Team, als Familienunternehmen legen wir sehr viel Wert auf ein Umfeld in dem man sich wohlf\u00fchlen kann und gerne arbeitet. Neben Mitarbeitenden die bereits seit mehr als 20 Jahren bei uns sind und die Know-how sowie Ausgeglichenheit in das Unternehmen bringen wird unser Team abgerundet \u2028durch zahlreiche junge Teammitglieder die neue Aspekte mit einbringen.\u2028 Um auch weiterhin \u00fcber ausreichend Fachkr\u00e4fte zu verf\u00fcgen bilden wir unseren Nachwuchs selbst aus insbesondere im elektrischen Bereich, aber auch auf der Kaufm\u00e4nnischen Seite. Um bei dem aktuell schnellen technischen Wandel immer auf dem neuesten Stand zu sein unterst\u00fctzen und f\u00f6rdern wir die Weiterbildung unserer Mitarbeitenden. Wir agieren auf neuen M\u00e4rkten wie der eMobility, auf Sicherheitsrelevanten wie der Brandmeldetechnik, auf Modernen wie dem Smart-Home, den Energiesparenden mit LED-Beleuchtung als auch auf den Klassischen Elektroinstallationen. Um unserer Kundschaft ein H\u00f6chstma\u00df an Qualit\u00e4t zu bieten haben wir uns in verschiedenen Bereichen zertifizieren lassen, hier ein kleiner Auszug:\u2022 DIN ISO 9001-2015\u2028\u2022 DIN 14 675\u2028 f\u00fcr Brandmeldeanlagen und Sprachalarmanlagen\u2022 DIN 14 676\u2028\u2022 Mennekes Qualit\u00e4tspartner f\u00fcr eMobility\u2022 LCN GVS-Zertifikat\u2028-\u2022 Auerswald Q3 Qualifizierung\u2028\u2022 GEZE Brandschutzt\u00fcren\u2028\u2022 Siemens SPC\u2028- Brandschutz Zertifikate beim DiBT f\u00fcrHilti, Promat, BTI, W\u00fcrth, Zapp\u2028- Facherrichter f\u00fcr Esser, Notifer, Honeywell, Variodyn, Gr\u00e4f &amp; Meyer\" \/>\n<meta name=\"robots\" content=\"index, follow, max-snippet:-1, max-image-preview:large, max-video-preview:-1\" \/>\n<link rel=\"canonical\" href=\"https:\/\/www.mhb.net\/?page_id=2164\" \/>\n<meta property=\"og:locale\" content=\"de_DE\" \/>\n<meta property=\"og:type\" content=\"article\" \/>\n<meta property=\"og:title\" content=\"\u00dcber Uns\" \/>\n<meta property=\"og:description\" content=\"Wir sind erfahrene und zuverl\u00e4ssige Elektroinstallateure. Seit 1992 arbeiten wir im Team, als Familienunternehmen legen wir sehr viel Wert auf ein Umfeld in dem man sich wohlf\u00fchlen kann und gerne arbeitet. Neben Mitarbeitenden die bereits seit mehr als 20 Jahren bei uns sind und die Know-how sowie Ausgeglichenheit in das Unternehmen bringen wird unser Team abgerundet \u2028durch zahlreiche junge Teammitglieder die neue Aspekte mit einbringen.\u2028 Um auch weiterhin \u00fcber ausreichend Fachkr\u00e4fte zu verf\u00fcgen bilden wir unseren Nachwuchs selbst aus insbesondere im elektrischen Bereich, aber auch auf der Kaufm\u00e4nnischen Seite. Um bei dem aktuell schnellen technischen Wandel immer auf dem neuesten Stand zu sein unterst\u00fctzen und f\u00f6rdern wir die Weiterbildung unserer Mitarbeitenden. Wir agieren auf neuen M\u00e4rkten wie der eMobility, auf Sicherheitsrelevanten wie der Brandmeldetechnik, auf Modernen wie dem Smart-Home, den Energiesparenden mit LED-Beleuchtung als auch auf den Klassischen Elektroinstallationen. Um unserer Kundschaft ein H\u00f6chstma\u00df an Qualit\u00e4t zu bieten haben wir uns in verschiedenen Bereichen zertifizieren lassen, hier ein kleiner Auszug:\u2022 DIN ISO 9001-2015\u2028\u2022 DIN 14 675\u2028 f\u00fcr Brandmeldeanlagen und Sprachalarmanlagen\u2022 DIN 14 676\u2028\u2022 Mennekes Qualit\u00e4tspartner f\u00fcr eMobility\u2022 LCN GVS-Zertifikat\u2028-\u2022 Auerswald Q3 Qualifizierung\u2028\u2022 GEZE Brandschutzt\u00fcren\u2028\u2022 Siemens SPC\u2028- Brandschutz Zertifikate beim DiBT f\u00fcrHilti, Promat, BTI, W\u00fcrth, Zapp\u2028- Facherrichter f\u00fcr Esser, Notifer, Honeywell, Variodyn, Gr\u00e4f &amp; Meyer\" \/>\n<meta property=\"og:url\" content=\"https:\/\/www.mhb.net\/?page_id=2164\" \/>\n<meta property=\"og:site_name\" content=\"MHB\" \/>\n<meta property=\"article:publisher\" content=\"https:\/\/www.facebook.com\/MHBhennes\/\" \/>\n<meta property=\"article:modified_time\" content=\"2023-08-08T16:52:25+00:00\" \/>\n<meta property=\"og:image\" content=\"https:\/\/www.mhb.net\/wp-content\/uploads\/2020\/07\/bg_marker02.png\" \/>\n<meta name=\"twitter:card\" content=\"summary_large_image\" \/>\n<meta name=\"twitter:label1\" content=\"Gesch\u00e4tzte Lesezeit\" \/>\n\t<meta name=\"twitter:data1\" content=\"2\u00a0Minuten\" \/>\n<script type=\"application\/ld+json\" class=\"yoast-schema-graph\">{\"@context\":\"https:\/\/schema.org\",\"@graph\":[{\"@type\":\"Organization\",\"@id\":\"https:\/\/www.mhb.net\/#organization\",\"name\":\"MHB Hennes und Pre\\u00dfer GmbH\",\"url\":\"https:\/\/www.mhb.net\/\",\"sameAs\":[\"https:\/\/www.facebook.com\/MHBhennes\/\",\"https:\/\/www.instagram.com\/mhb_hennes_presser_gmbh\/\"],\"logo\":{\"@type\":\"ImageObject\",\"@id\":\"https:\/\/www.mhb.net\/#logo\",\"inLanguage\":\"de\",\"url\":\"https:\/\/www.mhb.net\/wp-content\/uploads\/2021\/11\/MHB-Logo-New2.png\",\"contentUrl\":\"https:\/\/www.mhb.net\/wp-content\/uploads\/2021\/11\/MHB-Logo-New2.png\",\"width\":170,\"height\":103,\"caption\":\"MHB Hennes und Pre\\u00dfer GmbH\"},\"image\":{\"@id\":\"https:\/\/www.mhb.net\/#logo\"}},{\"@type\":\"WebSite\",\"@id\":\"https:\/\/www.mhb.net\/#website\",\"url\":\"https:\/\/www.mhb.net\/\",\"name\":\"MHB\",\"description\":\"Meisterbetrieb des Elektrohandels\",\"publisher\":{\"@id\":\"https:\/\/www.mhb.net\/#organization\"},\"potentialAction\":[{\"@type\":\"SearchAction\",\"target\":{\"@type\":\"EntryPoint\",\"urlTemplate\":\"https:\/\/www.mhb.net\/?s={search_term_string}\"},\"query-input\":\"required name=search_term_string\"}],\"inLanguage\":\"de\"},{\"@type\":\"ImageObject\",\"@id\":\"https:\/\/www.mhb.net\/?page_id=2164#primaryimage\",\"inLanguage\":\"de\",\"url\":\"https:\/\/www.mhb.net\/wp-content\/uploads\/2020\/07\/bg_marker02.png\",\"contentUrl\":\"https:\/\/www.mhb.net\/wp-content\/uploads\/2020\/07\/bg_marker02.png\",\"width\":125,\"height\":125},{\"@type\":\"WebPage\",\"@id\":\"https:\/\/www.mhb.net\/?page_id=2164#webpage\",\"url\":\"https:\/\/www.mhb.net\/?page_id=2164\",\"name\":\"\\u00dcber Uns - MHB\",\"isPartOf\":{\"@id\":\"https:\/\/www.mhb.net\/#website\"},\"primaryImageOfPage\":{\"@id\":\"https:\/\/www.mhb.net\/?page_id=2164#primaryimage\"},\"datePublished\":\"2020-07-20T03:30:40+00:00\",\"dateModified\":\"2023-08-08T16:52:25+00:00\",\"description\":\"Wir sind erfahrene und zuverl\\u00e4ssige Elektroinstallateure. Seit 1992 arbeiten wir im Team, als Familienunternehmen legen wir sehr viel Wert auf ein Umfeld in dem man sich wohlf\\u00fchlen kann und gerne arbeitet. Neben Mitarbeitenden die bereits seit mehr als 20 Jahren bei uns sind und die Know-how sowie Ausgeglichenheit in das Unternehmen bringen wird unser Team abgerundet \\u2028durch zahlreiche junge Teammitglieder die neue Aspekte mit einbringen.\\u2028 Um auch weiterhin \\u00fcber ausreichend Fachkr\\u00e4fte zu verf\\u00fcgen bilden wir unseren Nachwuchs selbst aus insbesondere im elektrischen Bereich, aber auch auf der Kaufm\\u00e4nnischen Seite. Um bei dem aktuell schnellen technischen Wandel immer auf dem neuesten Stand zu sein unterst\\u00fctzen und f\\u00f6rdern wir die Weiterbildung unserer Mitarbeitenden. Wir agieren auf neuen M\\u00e4rkten wie der eMobility, auf Sicherheitsrelevanten wie der Brandmeldetechnik, auf Modernen wie dem Smart-Home, den Energiesparenden mit LED-Beleuchtung als auch auf den Klassischen Elektroinstallationen. Um unserer Kundschaft ein H\\u00f6chstma\\u00df an Qualit\\u00e4t zu bieten haben wir uns in verschiedenen Bereichen zertifizieren lassen, hier ein kleiner Auszug:\\u2022 DIN ISO 9001-2015\\u2028\\u2022 DIN 14 675\\u2028 f\\u00fcr Brandmeldeanlagen und Sprachalarmanlagen\\u2022 DIN 14 676\\u2028\\u2022 Mennekes Qualit\\u00e4tspartner f\\u00fcr eMobility\\u2022 LCN GVS-Zertifikat\\u2028-\\u2022 Auerswald Q3 Qualifizierung\\u2028\\u2022 GEZE Brandschutzt\\u00fcren\\u2028\\u2022 Siemens SPC\\u2028- Brandschutz Zertifikate beim DiBT f\\u00fcrHilti, Promat, BTI, W\\u00fcrth, Zapp\\u2028- Facherrichter f\\u00fcr Esser, Notifer, Honeywell, Variodyn, Gr\\u00e4f & Meyer\",\"breadcrumb\":{\"@id\":\"https:\/\/www.mhb.net\/?page_id=2164#breadcrumb\"},\"inLanguage\":\"de\",\"potentialAction\":[{\"@type\":\"ReadAction\",\"target\":[\"https:\/\/www.mhb.net\/?page_id=2164\"]}]},{\"@type\":\"BreadcrumbList\",\"@id\":\"https:\/\/www.mhb.net\/?page_id=2164#breadcrumb\",\"itemListElement\":[{\"@type\":\"ListItem\",\"position\":1,\"name\":\"Home\",\"item\":\"https:\/\/www.mhb.net\/\"},{\"@type\":\"ListItem\",\"position\":2,\"name\":\"\\u00dcber Uns\"}]}]}<\/script>\n<!-- \/ Yoast SEO Premium plugin. -->","yoast_head_json":{"title":"\u00dcber Uns - MHB","description":"Wir sind erfahrene und zuverl\u00e4ssige Elektroinstallateure. Seit 1992 arbeiten wir im Team, als Familienunternehmen legen wir sehr viel Wert auf ein Umfeld in dem man sich wohlf\u00fchlen kann und gerne arbeitet. Neben Mitarbeitenden die bereits seit mehr als 20 Jahren bei uns sind und die Know-how sowie Ausgeglichenheit in das Unternehmen bringen wird unser Team abgerundet \u2028durch zahlreiche junge Teammitglieder die neue Aspekte mit einbringen.\u2028 Um auch weiterhin \u00fcber ausreichend Fachkr\u00e4fte zu verf\u00fcgen bilden wir unseren Nachwuchs selbst aus insbesondere im elektrischen Bereich, aber auch auf der Kaufm\u00e4nnischen Seite. Um bei dem aktuell schnellen technischen Wandel immer auf dem neuesten Stand zu sein unterst\u00fctzen und f\u00f6rdern wir die Weiterbildung unserer Mitarbeitenden. Wir agieren auf neuen M\u00e4rkten wie der eMobility, auf Sicherheitsrelevanten wie der Brandmeldetechnik, auf Modernen wie dem Smart-Home, den Energiesparenden mit LED-Beleuchtung als auch auf den Klassischen Elektroinstallationen. Um unserer Kundschaft ein H\u00f6chstma\u00df an Qualit\u00e4t zu bieten haben wir uns in verschiedenen Bereichen zertifizieren lassen, hier ein kleiner Auszug:\u2022 DIN ISO 9001-2015\u2028\u2022 DIN 14 675\u2028 f\u00fcr Brandmeldeanlagen und Sprachalarmanlagen\u2022 DIN 14 676\u2028\u2022 Mennekes Qualit\u00e4tspartner f\u00fcr eMobility\u2022 LCN GVS-Zertifikat\u2028-\u2022 Auerswald Q3 Qualifizierung\u2028\u2022 GEZE Brandschutzt\u00fcren\u2028\u2022 Siemens SPC\u2028- Brandschutz Zertifikate beim DiBT f\u00fcrHilti, Promat, BTI, W\u00fcrth, Zapp\u2028- Facherrichter f\u00fcr Esser, Notifer, Honeywell, Variodyn, Gr\u00e4f & Meyer","robots":{"index":"index","follow":"follow","max-snippet":"max-snippet:-1","max-image-preview":"max-image-preview:large","max-video-preview":"max-video-preview:-1"},"canonical":"https:\/\/www.mhb.net\/?page_id=2164","og_locale":"de_DE","og_type":"article","og_title":"\u00dcber Uns","og_description":"Wir sind erfahrene und zuverl\u00e4ssige Elektroinstallateure. Seit 1992 arbeiten wir im Team, als Familienunternehmen legen wir sehr viel Wert auf ein Umfeld in dem man sich wohlf\u00fchlen kann und gerne arbeitet. Neben Mitarbeitenden die bereits seit mehr als 20 Jahren bei uns sind und die Know-how sowie Ausgeglichenheit in das Unternehmen bringen wird unser Team abgerundet \u2028durch zahlreiche junge Teammitglieder die neue Aspekte mit einbringen.\u2028 Um auch weiterhin \u00fcber ausreichend Fachkr\u00e4fte zu verf\u00fcgen bilden wir unseren Nachwuchs selbst aus insbesondere im elektrischen Bereich, aber auch auf der Kaufm\u00e4nnischen Seite. Um bei dem aktuell schnellen technischen Wandel immer auf dem neuesten Stand zu sein unterst\u00fctzen und f\u00f6rdern wir die Weiterbildung unserer Mitarbeitenden. Wir agieren auf neuen M\u00e4rkten wie der eMobility, auf Sicherheitsrelevanten wie der Brandmeldetechnik, auf Modernen wie dem Smart-Home, den Energiesparenden mit LED-Beleuchtung als auch auf den Klassischen Elektroinstallationen. Um unserer Kundschaft ein H\u00f6chstma\u00df an Qualit\u00e4t zu bieten haben wir uns in verschiedenen Bereichen zertifizieren lassen, hier ein kleiner Auszug:\u2022 DIN ISO 9001-2015\u2028\u2022 DIN 14 675\u2028 f\u00fcr Brandmeldeanlagen und Sprachalarmanlagen\u2022 DIN 14 676\u2028\u2022 Mennekes Qualit\u00e4tspartner f\u00fcr eMobility\u2022 LCN GVS-Zertifikat\u2028-\u2022 Auerswald Q3 Qualifizierung\u2028\u2022 GEZE Brandschutzt\u00fcren\u2028\u2022 Siemens SPC\u2028- Brandschutz Zertifikate beim DiBT f\u00fcrHilti, Promat, BTI, W\u00fcrth, Zapp\u2028- Facherrichter f\u00fcr Esser, Notifer, Honeywell, Variodyn, Gr\u00e4f & Meyer","og_url":"https:\/\/www.mhb.net\/?page_id=2164","og_site_name":"MHB","article_publisher":"https:\/\/www.facebook.com\/MHBhennes\/","article_modified_time":"2023-08-08T16:52:25+00:00","og_image":[{"url":"https:\/\/www.mhb.net\/wp-content\/uploads\/2020\/07\/bg_marker02.png"}],"twitter_card":"summary_large_image","twitter_misc":{"Gesch\u00e4tzte Lesezeit":"2\u00a0Minuten"},"schema":{"@context":"https:\/\/schema.org","@graph":[{"@type":"Organization","@id":"https:\/\/www.mhb.net\/#organization","name":"MHB Hennes und Pre\u00dfer GmbH","url":"https:\/\/www.mhb.net\/","sameAs":["https:\/\/www.facebook.com\/MHBhennes\/","https:\/\/www.instagram.com\/mhb_hennes_presser_gmbh\/"],"logo":{"@type":"ImageObject","@id":"https:\/\/www.mhb.net\/#logo","inLanguage":"de","url":"https:\/\/www.mhb.net\/wp-content\/uploads\/2021\/11\/MHB-Logo-New2.png","contentUrl":"https:\/\/www.mhb.net\/wp-content\/uploads\/2021\/11\/MHB-Logo-New2.png","width":170,"height":103,"caption":"MHB Hennes und Pre\u00dfer GmbH"},"image":{"@id":"https:\/\/www.mhb.net\/#logo"}},{"@type":"WebSite","@id":"https:\/\/www.mhb.net\/#website","url":"https:\/\/www.mhb.net\/","name":"MHB","description":"Meisterbetrieb des Elektrohandels","publisher":{"@id":"https:\/\/www.mhb.net\/#organization"},"potentialAction":[{"@type":"SearchAction","target":{"@type":"EntryPoint","urlTemplate":"https:\/\/www.mhb.net\/?s={search_term_string}"},"query-input":"required name=search_term_string"}],"inLanguage":"de"},{"@type":"ImageObject","@id":"https:\/\/www.mhb.net\/?page_id=2164#primaryimage","inLanguage":"de","url":"https:\/\/www.mhb.net\/wp-content\/uploads\/2020\/07\/bg_marker02.png","contentUrl":"https:\/\/www.mhb.net\/wp-content\/uploads\/2020\/07\/bg_marker02.png","width":125,"height":125},{"@type":"WebPage","@id":"https:\/\/www.mhb.net\/?page_id=2164#webpage","url":"https:\/\/www.mhb.net\/?page_id=2164","name":"\u00dcber Uns - MHB","isPartOf":{"@id":"https:\/\/www.mhb.net\/#website"},"primaryImageOfPage":{"@id":"https:\/\/www.mhb.net\/?page_id=2164#primaryimage"},"datePublished":"2020-07-20T03:30:40+00:00","dateModified":"2023-08-08T16:52:25+00:00","description":"Wir sind erfahrene und zuverl\u00e4ssige Elektroinstallateure. Seit 1992 arbeiten wir im Team, als Familienunternehmen legen wir sehr viel Wert auf ein Umfeld in dem man sich wohlf\u00fchlen kann und gerne arbeitet. Neben Mitarbeitenden die bereits seit mehr als 20 Jahren bei uns sind und die Know-how sowie Ausgeglichenheit in das Unternehmen bringen wird unser Team abgerundet \u2028durch zahlreiche junge Teammitglieder die neue Aspekte mit einbringen.\u2028 Um auch weiterhin \u00fcber ausreichend Fachkr\u00e4fte zu verf\u00fcgen bilden wir unseren Nachwuchs selbst aus insbesondere im elektrischen Bereich, aber auch auf der Kaufm\u00e4nnischen Seite. Um bei dem aktuell schnellen technischen Wandel immer auf dem neuesten Stand zu sein unterst\u00fctzen und f\u00f6rdern wir die Weiterbildung unserer Mitarbeitenden. Wir agieren auf neuen M\u00e4rkten wie der eMobility, auf Sicherheitsrelevanten wie der Brandmeldetechnik, auf Modernen wie dem Smart-Home, den Energiesparenden mit LED-Beleuchtung als auch auf den Klassischen Elektroinstallationen. Um unserer Kundschaft ein H\u00f6chstma\u00df an Qualit\u00e4t zu bieten haben wir uns in verschiedenen Bereichen zertifizieren lassen, hier ein kleiner Auszug:\u2022 DIN ISO 9001-2015\u2028\u2022 DIN 14 675\u2028 f\u00fcr Brandmeldeanlagen und Sprachalarmanlagen\u2022 DIN 14 676\u2028\u2022 Mennekes Qualit\u00e4tspartner f\u00fcr eMobility\u2022 LCN GVS-Zertifikat\u2028-\u2022 Auerswald Q3 Qualifizierung\u2028\u2022 GEZE Brandschutzt\u00fcren\u2028\u2022 Siemens SPC\u2028- Brandschutz Zertifikate beim DiBT f\u00fcrHilti, Promat, BTI, W\u00fcrth, Zapp\u2028- Facherrichter f\u00fcr Esser, Notifer, Honeywell, Variodyn, Gr\u00e4f & Meyer","breadcrumb":{"@id":"https:\/\/www.mhb.net\/?page_id=2164#breadcrumb"},"inLanguage":"de","potentialAction":[{"@type":"ReadAction","target":["https:\/\/www.mhb.net\/?page_id=2164"]}]},{"@type":"BreadcrumbList","@id":"https:\/\/www.mhb.net\/?page_id=2164#breadcrumb","itemListElement":[{"@type":"ListItem","position":1,"name":"Home","item":"https:\/\/www.mhb.net\/"},{"@type":"ListItem","position":2,"name":"\u00dcber Uns"}]}]}},"_links":{"self":[{"href":"https:\/\/www.mhb.net\/index.php?rest_route=\/wp\/v2\/pages\/2164","targetHints":{"allow":["GET"]}}],"collection":[{"href":"https:\/\/www.mhb.net\/index.php?rest_route=\/wp\/v2\/pages"}],"about":[{"href":"https:\/\/www.mhb.net\/index.php?rest_route=\/wp\/v2\/types\/page"}],"author":[{"embeddable":true,"href":"https:\/\/www.mhb.net\/index.php?rest_route=\/wp\/v2\/users\/1"}],"replies":[{"embeddable":true,"href":"https:\/\/www.mhb.net\/index.php?rest_route=%2Fwp%2Fv2%2Fcomments&post=2164"}],"version-history":[{"count":36,"href":"https:\/\/www.mhb.net\/index.php?rest_route=\/wp\/v2\/pages\/2164\/revisions"}],"predecessor-version":[{"id":3200,"href":"https:\/\/www.mhb.net\/index.php?rest_route=\/wp\/v2\/pages\/2164\/revisions\/3200"}],"wp:attachment":[{"href":"https:\/\/www.mhb.net\/index.php?rest_route=%2Fwp%2Fv2%2Fmedia&parent=2164"}],"curies":[{"name":"wp","href":"https:\/\/api.w.org\/{rel}","templated":true}]}}